{"id":2552,"date":"2017-10-06T21:53:05","date_gmt":"2017-10-07T02:53:05","guid":{"rendered":"http:\/\/fcfcomunicaciones.com\/?page_id=2552"},"modified":"2017-12-18T15:00:57","modified_gmt":"2017-12-18T20:00:57","slug":"como-denunciar","status":"publish","type":"page","link":"http:\/\/fcfcomunicaciones.com\/?page_id=2552","title":{"rendered":"COMO DENUNCIAR"},"content":{"rendered":"<p>[vc_row king_row_type=\u00bbparallax\u00bb bg_image=\u00bb2418&#8243;][vc_column][vc_empty_space][vc_column_text]<\/p>\n<div class=\"art-postmetadataheader\">\n<h1 class=\"art-postheader\" style=\"text-align: center;\"><span class=\"art-postheadericon\">\u00bfC\u00d3MO DENUNCIAR?<\/span><\/h1>\n<p>&nbsp;<\/p>\n<\/div>\n<div class=\"art-postcontent clearfix\">\n<h4>El Ministerio de Comunicaciones de Colombia lanz\u00f3 la campa\u00f1a de Internet Sano. La misma espera generar conocimiento en torno al tema de la explotaci\u00f3n infantil en Internet, destacando mensajes de: prevenci\u00f3n<a class=\"cboxModal\" href=\"http:\/\/www.wisatcolombia.com\/wp-content\/uploads\/2014\/01\/internet_sano_big.gif\" target=\"_blank\" data-lightboxplus=\"lightbox[422]\"><img decoding=\"async\" loading=\"lazy\" class=\"size-full wp-image-441 alignright\" src=\"http:\/\/www.wisatcolombia.com\/wp-content\/uploads\/2014\/01\/internet_sano_big.gif\" alt=\"internet_sano_big\" width=\"159\" height=\"174\" \/><\/a>, denuncia, e informativos institucionales. La campa\u00f1a del Ministerio de Comunicaciones requiere que todos aquellos que visiten sitios de Internet en Colombia reconozcan lo que significa la prevenci\u00f3n de la pornograf\u00eda infantil en Internet. Dentro de los desarrollos de la campa\u00f1a y en cumplimiento con la Ley 679 de 2001 y con el Decreto 1524 de 2004, FCF COMUNICACIONES S.A.S, contempla en su C\u00f3digo de Conducta el manejo y aprovechamiento de redes globales de informaci\u00f3n y la protecci\u00f3n contra la pornograf\u00eda. Su objetivo principal es de prevenir la divulgaci\u00f3n de material pornogr\u00e1fico a trav\u00e9s de las redes y equipos de c\u00f3mputo bajo la administraci\u00f3n directa del ente con el fin de prevenir tener acceso a cualquier tipo de material pornogr\u00e1fico.<\/h4>\n<h4>Usted puede visitar los siguientes sitios de Internet para realizar denuncias relacionadas con sitios y contenidos de pornograf\u00eda infantil o sitios que promueven servicios sexuales con ni\u00f1os:<\/h4>\n<h3><b>MINISTERIO DE COMUNICACIONES<\/b><\/h3>\n<h4><a href=\"http:\/\/www.teprotejo.org\/index.php\/es\/su-denuncia\/ruta-de-la-denuncia\/28-mod-denuncie\/35-denuncie-aqui\" target=\"_blank\"><img decoding=\"async\" loading=\"lazy\" class=\"alignnone wp-image-2579\" src=\"http:\/\/fcfcomunicaciones.com\/wp-content\/uploads\/2017\/10\/logo_mintic.png\" alt=\"logo_mintic\" width=\"313\" height=\"88\" \/><\/a><\/h4>\n<h4>Tel\u00e9fono: 01 800 0912667<br \/>\n<a href=\"http:\/\/www.teprotejo.org\/index.php\/es\/\">http:\/\/www.internetsano.gov.co\u00a0 <\/a><\/h4>\n<h4><a href=\"http:\/\/www.teprotejo.org\/index.php\/es\/\">http:\/\/www.teprotejo.org\/index.php\/es\/<\/a><\/h4>\n<h3><b>FISCAL\u00cdA GENERAL DE LA NACI\u00d3N<\/b><\/h3>\n<h4><a href=\"https:\/\/adenunciar.policia.gov.co\/adenunciar\/Login.aspx?ReturnUrl=%2fadenunciar%2f\" target=\"_blank\"><img decoding=\"async\" loading=\"lazy\" class=\"alignnone wp-image-2581\" src=\"http:\/\/fcfcomunicaciones.com\/wp-content\/uploads\/2017\/10\/Fiscal\u00eda_General_de_la_Naci\u00f3n_Colombia_logo.svg_.png\" alt=\"Fiscal\u00eda_General_de_la_Naci\u00f3n_(Colombia)_logo.svg\" width=\"249\" height=\"79\" \/><\/a><\/h4>\n<h4>Tel\u00e9fono: 01 800 0912280<br \/>\n<a href=\"http:\/\/www.fiscalia.gov.co\/\">http:\/\/www.fiscalia.gov.co\/<\/a><br \/>\ne-mail:\u00a0<a href=\"mailto:contacto@fiscalia.gov.co\">contacto@fiscalia.gov.co<\/a>\u00a0Esta direcci\u00f3n de correo electr\u00f3nico est\u00e1 protegida contra los robots de spam, necesita tener Javascript activado para poder verla.<\/h4>\n<h3><b>DIRECCI\u00d3N CENTRAL DE POLIC\u00cdA JUDICIAL \u2013 DIJIN<\/b><\/h3>\n<h4><a href=\"https:\/\/caivirtual.policia.gov.co\/\" target=\"_blank\"><img decoding=\"async\" loading=\"lazy\" class=\"alignnone wp-image-2582\" src=\"http:\/\/fcfcomunicaciones.com\/wp-content\/uploads\/2017\/10\/escudoconfilete_2.png\" alt=\"escudoconfilete_2\" width=\"122\" height=\"117\" srcset=\"http:\/\/fcfcomunicaciones.com\/wp-content\/uploads\/2017\/10\/escudoconfilete_2.png 810w, http:\/\/fcfcomunicaciones.com\/wp-content\/uploads\/2017\/10\/escudoconfilete_2-300x286.png 300w, http:\/\/fcfcomunicaciones.com\/wp-content\/uploads\/2017\/10\/escudoconfilete_2-768x731.png 768w\" sizes=\"(max-width: 122px) 100vw, 122px\" \/><\/a><\/h4>\n<h4>Grupo Investigativo Delitos Inform\u00e1ticos<br \/>\nCarrera 77A # 45-61 Barrio Modelia<br \/>\nTel\u00e9fonos: PBX: 426 6900 Ext. 6301-6302<br \/>\nDirecto: 4266300<br \/>\ne-mail:\u00a0<a href=\"mailto:adelinfo@dijin.policia.gov.co\">adelinfo@dijin.policia.gov.co<\/a>\u00a0Esta direcci\u00f3n de correo electr\u00f3nico est\u00e1 protegida contra los robots de spam, necesita tener Javascript activado para poder verla<\/h4>\n<h3><b>INSTITUTO COLOMBIANO DE BIENESTAR FAMILIAR<\/b><\/h3>\n<h4><a href=\"http:\/\/www.icbf.gov.co\/portal\/page\/portal\/PortalICBF\" target=\"_blank\"><img decoding=\"async\" loading=\"lazy\" class=\"alignnone wp-image-2583\" src=\"http:\/\/fcfcomunicaciones.com\/wp-content\/uploads\/2017\/10\/icbf-logo_32.png\" alt=\"icbf-logo_32\" width=\"89\" height=\"102\" srcset=\"http:\/\/fcfcomunicaciones.com\/wp-content\/uploads\/2017\/10\/icbf-logo_32.png 390w, http:\/\/fcfcomunicaciones.com\/wp-content\/uploads\/2017\/10\/icbf-logo_32-260x300.png 260w\" sizes=\"(max-width: 89px) 100vw, 89px\" \/><\/a><\/h4>\n<h4>Tel\u00e9fonos: 01 8000 918080 \u00f3 (1)6605520, (1)6605530, (1)6605540 de 7:00 a.m. a 9:00 p.m. de lunes a domingo<br \/>\n<a href=\"http:\/\/www.icbf.gov.co\/portal\/page\/portal\/PortalICBF\">http:\/\/www.icbf.gov.co\/portal\/page\/portal\/PortalICBF<\/a><\/h4>\n<\/div>\n<p>[\/vc_column_text][vc_empty_space][\/vc_column][\/vc_row]<\/p>\n","protected":false},"excerpt":{"rendered":"<p>[vc_row king_row_type=\u00bbparallax\u00bb bg_image=\u00bb2418&#8243;][vc_column][vc_empty_space][vc_column_text] \u00bfC\u00d3MO DENUNCIAR? &nbsp; El Ministerio de Comunicaciones de Colombia lanz\u00f3 la campa\u00f1a de Internet Sano. La misma espera generar conocimiento en torno al tema de la explotaci\u00f3n infantil en Internet, destacando mensajes de: prevenci\u00f3n, denuncia, e informativos institucionales. La campa\u00f1a del Ministerio de Comunicaciones requiere que todos aquellos que visiten sitios de &#8230;<\/p>\n","protected":false},"author":1,"featured_media":0,"parent":0,"menu_order":0,"comment_status":"closed","ping_status":"closed","template":"templates\/page-full.php","meta":[],"acf":[],"_links":{"self":[{"href":"http:\/\/fcfcomunicaciones.com\/index.php?rest_route=\/wp\/v2\/pages\/2552"}],"collection":[{"href":"http:\/\/fcfcomunicaciones.com\/index.php?rest_route=\/wp\/v2\/pages"}],"about":[{"href":"http:\/\/fcfcomunicaciones.com\/index.php?rest_route=\/wp\/v2\/types\/page"}],"author":[{"embeddable":true,"href":"http:\/\/fcfcomunicaciones.com\/index.php?rest_route=\/wp\/v2\/users\/1"}],"replies":[{"embeddable":true,"href":"http:\/\/fcfcomunicaciones.com\/index.php?rest_route=%2Fwp%2Fv2%2Fcomments&post=2552"}],"version-history":[{"count":9,"href":"http:\/\/fcfcomunicaciones.com\/index.php?rest_route=\/wp\/v2\/pages\/2552\/revisions"}],"predecessor-version":[{"id":2585,"href":"http:\/\/fcfcomunicaciones.com\/index.php?rest_route=\/wp\/v2\/pages\/2552\/revisions\/2585"}],"wp:attachment":[{"href":"http:\/\/fcfcomunicaciones.com\/index.php?rest_route=%2Fwp%2Fv2%2Fmedia&parent=2552"}],"curies":[{"name":"wp","href":"https:\/\/api.w.org\/{rel}","templated":true}]}}