{"id":2522,"date":"2017-10-06T21:18:20","date_gmt":"2017-10-07T02:18:20","guid":{"rendered":"http:\/\/fcfcomunicaciones.com\/?page_id=2522"},"modified":"2017-10-06T22:30:17","modified_gmt":"2017-10-07T03:30:17","slug":"mecanismos-de-filtrado","status":"publish","type":"page","link":"http:\/\/fcfcomunicaciones.com\/?page_id=2522","title":{"rendered":"MECANISMOS DE FILTRADO"},"content":{"rendered":"<p>[vc_row king_row_type=\u00bbparallax\u00bb bg_image=\u00bb2418&#8243;][vc_column][vc_empty_space][vc_column_text]<\/p>\n<h3 style=\"text-align: center;\"><strong>MECANISMOS DE FILTRADO QUE PUEDAN SER INSTALADOS EN LOS EQUIPOS DE LOS USUARIOS.<\/strong><\/h3>\n<h3><strong>A continuaci\u00f3n, se describe el procedimiento que se puede implementar para evitar el acceso a URLS con contenido de pornograf\u00eda Infantil utilizando tu navegador.<\/strong><\/h3>\n<h3><\/h3>\n<ul>\n<li>\n<h3>Siga las instrucciones <span style=\"color: #ff0000;\"><a style=\"color: #ff0000;\" href=\"http:\/\/fcfcomunicaciones.com\/wp-content\/uploads\/2017\/10\/Internet-Exploret.pdf\" target=\"_blank\"><strong>aqu\u00ed<\/strong> <\/a><\/span>para Internet Explorer.<\/h3>\n<\/li>\n<li>\n<h3>Siga las instrucciones <a href=\"http:\/\/fcfcomunicaciones.com\/wp-content\/uploads\/2017\/10\/Google-Ghrome-1.pdf\" target=\"_blank\"><span style=\"color: #ff0000;\"><strong>aqu\u00ed<\/strong> <\/span><\/a>para Google Chrome.<\/h3>\n<\/li>\n<\/ul>\n<h3><strong>Adem\u00e1s, en las siguientes direcciones encontrar\u00e1n mecanismos de filtrado que puedan ser instalados en sus equipos.<\/strong><\/h3>\n<ul>\n<li>\n<h3><span style=\"color: #ff0000;\"><a style=\"color: #ff0000;\" href=\"http:\/\/www.netnanny.com\/support\/index.htmlV\">http:\/\/www.netnanny.com\/support\/index.html<\/a><\/span><\/h3>\n<\/li>\n<li>\n<h3><span style=\"color: #ff0000;\"><a style=\"color: #ff0000;\" href=\"http:\/\/www.sentrypc.com\/\">http:\/\/www.access-control-software.com\/support\/home-version.htm<\/a>L<\/span><\/h3>\n<\/li>\n<\/ul>\n<p>[\/vc_column_text][vc_empty_space][\/vc_column][\/vc_row]<\/p>\n","protected":false},"excerpt":{"rendered":"<p>[vc_row king_row_type=\u00bbparallax\u00bb bg_image=\u00bb2418&#8243;][vc_column][vc_empty_space][vc_column_text] MECANISMOS DE FILTRADO QUE PUEDAN SER INSTALADOS EN LOS EQUIPOS DE LOS USUARIOS. A continuaci\u00f3n, se describe el procedimiento que se puede implementar para evitar el acceso a URLS con contenido de pornograf\u00eda Infantil utilizando tu navegador. Siga las instrucciones aqu\u00ed para Internet Explorer. Siga las instrucciones aqu\u00ed para Google Chrome. Adem\u00e1s, &#8230;<\/p>\n","protected":false},"author":1,"featured_media":0,"parent":0,"menu_order":0,"comment_status":"closed","ping_status":"closed","template":"templates\/page-full.php","meta":[],"acf":[],"_links":{"self":[{"href":"http:\/\/fcfcomunicaciones.com\/index.php?rest_route=\/wp\/v2\/pages\/2522"}],"collection":[{"href":"http:\/\/fcfcomunicaciones.com\/index.php?rest_route=\/wp\/v2\/pages"}],"about":[{"href":"http:\/\/fcfcomunicaciones.com\/index.php?rest_route=\/wp\/v2\/types\/page"}],"author":[{"embeddable":true,"href":"http:\/\/fcfcomunicaciones.com\/index.php?rest_route=\/wp\/v2\/users\/1"}],"replies":[{"embeddable":true,"href":"http:\/\/fcfcomunicaciones.com\/index.php?rest_route=%2Fwp%2Fv2%2Fcomments&post=2522"}],"version-history":[{"count":12,"href":"http:\/\/fcfcomunicaciones.com\/index.php?rest_route=\/wp\/v2\/pages\/2522\/revisions"}],"predecessor-version":[{"id":2573,"href":"http:\/\/fcfcomunicaciones.com\/index.php?rest_route=\/wp\/v2\/pages\/2522\/revisions\/2573"}],"wp:attachment":[{"href":"http:\/\/fcfcomunicaciones.com\/index.php?rest_route=%2Fwp%2Fv2%2Fmedia&parent=2522"}],"curies":[{"name":"wp","href":"https:\/\/api.w.org\/{rel}","templated":true}]}}