{"id":2353,"date":"2017-09-23T09:44:01","date_gmt":"2017-09-23T14:44:01","guid":{"rendered":"http:\/\/fcfcomunicaciones.com\/?page_id=2353"},"modified":"2017-09-26T15:39:34","modified_gmt":"2017-09-26T20:39:34","slug":"click-hd","status":"publish","type":"page","link":"http:\/\/fcfcomunicaciones.com\/?page_id=2353","title":{"rendered":"Click HD"},"content":{"rendered":"<p>[vc_row][vc_column width=\u00bb1\/2&#8243;][vc_column_text]<img decoding=\"async\" loading=\"lazy\" class=\"wp-image-2377 alignleft\" src=\"http:\/\/fcfcomunicaciones.com\/wp-content\/uploads\/2017\/09\/Volante-Sin-Fibra-WEB-1.png\" alt=\"Volante - Sin Fibra WEB\" width=\"570\" height=\"790\" \/>[\/vc_column_text][\/vc_column][vc_column width=\u00bb1\/2&#8243;][vc_column_text]<img decoding=\"async\" loading=\"lazy\" class=\"wp-image-2377 alignright\" src=\"http:\/\/fcfcomunicaciones.com\/wp-content\/uploads\/2017\/09\/5-2.png\" alt=\"Volante - Sin Fibra WEB\" width=\"570\" height=\"790\" \/>[\/vc_column_text][\/vc_column][\/vc_row][vc_row][vc_column][vc_column_text]<\/p>\n<p style=\"text-align: justify;\">El servicio de internet ser\u00e1 facturado por FCF COMUNICACIONES SAS, el servicio de TV ser\u00e1 facturado por ClickHD SAS, los precios de instalaci\u00f3n de internet, est\u00e1n \u00a0 \u00a0 \u00a0estipulados en la p\u00e1gina web de FCF COMUNICACIONES: www.fcfcomunicaciones.com o puede llamarnos o visitarnos en nuestra oficina ubicada en La Argentina Huila Calle 6 No 4-25 para obtener m\u00e1s informaci\u00f3n. Para TV, el precio de $39.000 mensuales, incluye un (1) decodificador, si el servicio se instala con 2 decos el costo mensual ser\u00e1 de $49.000. El valor de la instalaci\u00f3n de TV es $50.000 con 1 deco, $70.000 con 2 decos. \u00a0La tarifa del plan S\u00faper Top HD y plan Premium es una tarifa promocional y tendr\u00e1 vigencia de 12 meses y est\u00e1 dirigida a personas naturales, finalizado este tiempo se cobrar\u00e1n adiconales los canales HD. Oferta v\u00e1lida hasta el 31 de diciembre de 2017. La oferta de canales puede variar sin previo aviso por no tratarse de una oferta caracterizada. Aplican condiciones y restricciones\u00a0<strong><a href=\"http:\/\/www.clickhd.co\/\" target=\"_blank\">www.ClickHD.co<\/a>.<\/strong><\/p>\n<p>[\/vc_column_text][\/vc_column][\/vc_row]<\/p>\n","protected":false},"excerpt":{"rendered":"<p>[vc_row][vc_column width=\u00bb1\/2&#8243;][vc_column_text][\/vc_column_text][\/vc_column][vc_column width=\u00bb1\/2&#8243;][vc_column_text][\/vc_column_text][\/vc_column][\/vc_row][vc_row][vc_column][vc_column_text] El servicio de internet ser\u00e1 facturado por FCF COMUNICACIONES SAS, el servicio de TV ser\u00e1 facturado por ClickHD SAS, los precios de instalaci\u00f3n de internet, est\u00e1n \u00a0 \u00a0 \u00a0estipulados en la p\u00e1gina web de FCF COMUNICACIONES: www.fcfcomunicaciones.com o puede llamarnos o visitarnos en nuestra oficina ubicada en La Argentina Huila Calle 6 &#8230;<\/p>\n","protected":false},"author":1,"featured_media":0,"parent":0,"menu_order":0,"comment_status":"closed","ping_status":"closed","template":"","meta":[],"acf":[],"_links":{"self":[{"href":"http:\/\/fcfcomunicaciones.com\/index.php?rest_route=\/wp\/v2\/pages\/2353"}],"collection":[{"href":"http:\/\/fcfcomunicaciones.com\/index.php?rest_route=\/wp\/v2\/pages"}],"about":[{"href":"http:\/\/fcfcomunicaciones.com\/index.php?rest_route=\/wp\/v2\/types\/page"}],"author":[{"embeddable":true,"href":"http:\/\/fcfcomunicaciones.com\/index.php?rest_route=\/wp\/v2\/users\/1"}],"replies":[{"embeddable":true,"href":"http:\/\/fcfcomunicaciones.com\/index.php?rest_route=%2Fwp%2Fv2%2Fcomments&post=2353"}],"version-history":[{"count":29,"href":"http:\/\/fcfcomunicaciones.com\/index.php?rest_route=\/wp\/v2\/pages\/2353\/revisions"}],"predecessor-version":[{"id":2409,"href":"http:\/\/fcfcomunicaciones.com\/index.php?rest_route=\/wp\/v2\/pages\/2353\/revisions\/2409"}],"wp:attachment":[{"href":"http:\/\/fcfcomunicaciones.com\/index.php?rest_route=%2Fwp%2Fv2%2Fmedia&parent=2353"}],"curies":[{"name":"wp","href":"https:\/\/api.w.org\/{rel}","templated":true}]}}