{"id":2283,"date":"2017-05-18T09:50:31","date_gmt":"2017-05-18T14:50:31","guid":{"rendered":"http:\/\/fcfcomunicaciones.com\/?page_id=2283"},"modified":"2017-10-06T22:09:53","modified_gmt":"2017-10-07T03:09:53","slug":"canales-de-datos","status":"publish","type":"page","link":"http:\/\/fcfcomunicaciones.com\/?page_id=2283","title":{"rendered":"CANALES DE DATOS"},"content":{"rendered":"<p>[vc_row king_bg_repeat=\u00bbcover\u00bb king_row_type=\u00bbparallax\u00bb bg_image=\u00bb2418&#8243;][vc_column][vc_empty_space][vc_column_text]<\/p>\n<h2><span style=\"color: #000000;\"><b>CANALES DE DATOS:<\/b><\/span><\/h2>\n<h4 style=\"text-align: justify;\">Es dirigido a empresas que manejen varias sedes con cobertura local, regional y departamental donde FCF Comunicaciones tiene cobertura en la actualidad, permitiendo conexiones en l\u00ednea entre las mismas.<\/h4>\n<h4 style=\"text-align: justify;\">Contamos con una plataforma v\u00eda microondas, con la infraestructura y tecnolog\u00eda adecuada brindando una disponibilidad de 99.5%, ofreciendo una red privada y confiable, permitiendo el env\u00edo de voz, video y datos de manera simult\u00e1nea.<\/h4>\n<ul style=\"text-align: justify;\">\n<li>\n<h4><strong>CARACTERISTICAS DEL SERVICIO:<\/strong><\/h4>\n<\/li>\n<\/ul>\n<ul style=\"text-align: justify;\">\n<li>\n<h4>Amplia cobertura en todo el departamento.<\/h4>\n<\/li>\n<li>\n<h4>Canales totalmente sim\u00e9tricos.<\/h4>\n<\/li>\n<li>\n<h4>No requiere internet para el funcionamiento del servicio.<\/h4>\n<\/li>\n<li>\n<h4>Velocidad de acceso dedicada y alt\u00edsima seguridad en la informaci\u00f3n que se transmite.<\/h4>\n<\/li>\n<li>\n<h4>Canales privados que permite compartir archivos o servicios.<\/h4>\n<\/li>\n<li>\n<h4>Soporte y Atenci\u00f3n Personalizada.<\/h4>\n<\/li>\n<\/ul>\n<h4 style=\"text-align: justify;\"><\/h4>\n<ul style=\"text-align: justify;\">\n<li>\n<h4><strong>ALGUNOS USOS:<\/strong><\/h4>\n<\/li>\n<\/ul>\n<ul>\n<li style=\"text-align: justify;\">\n<h4>Seguridad en la informaci\u00f3n, copias de seguridad en tiempo real.<\/h4>\n<\/li>\n<li style=\"text-align: justify;\">\n<h4>Comunicaci\u00f3n entre vendedores y los sistemas de informaci\u00f3n empresarial.<\/h4>\n<\/li>\n<li style=\"text-align: justify;\">\n<h4>Actualizaci\u00f3n en tiempo real de bases de datos.<\/h4>\n<\/li>\n<li>\n<h4 style=\"text-align: justify;\">Video vigilancia y comunicaci\u00f3n por Voz IP Privada.<\/h4>\n<\/li>\n<\/ul>\n<p>[\/vc_column_text][vc_empty_space][\/vc_column][\/vc_row]<\/p>\n","protected":false},"excerpt":{"rendered":"<p>[vc_row king_bg_repeat=\u00bbcover\u00bb king_row_type=\u00bbparallax\u00bb bg_image=\u00bb2418&#8243;][vc_column][vc_empty_space][vc_column_text] CANALES DE DATOS: Es dirigido a empresas que manejen varias sedes con cobertura local, regional y departamental donde FCF Comunicaciones tiene cobertura en la actualidad, permitiendo conexiones en l\u00ednea entre las mismas. Contamos con una plataforma v\u00eda microondas, con la infraestructura y tecnolog\u00eda adecuada brindando una disponibilidad de 99.5%, ofreciendo una &#8230;<\/p>\n","protected":false},"author":1,"featured_media":0,"parent":0,"menu_order":0,"comment_status":"closed","ping_status":"closed","template":"templates\/page-full.php","meta":[],"acf":[],"_links":{"self":[{"href":"http:\/\/fcfcomunicaciones.com\/index.php?rest_route=\/wp\/v2\/pages\/2283"}],"collection":[{"href":"http:\/\/fcfcomunicaciones.com\/index.php?rest_route=\/wp\/v2\/pages"}],"about":[{"href":"http:\/\/fcfcomunicaciones.com\/index.php?rest_route=\/wp\/v2\/types\/page"}],"author":[{"embeddable":true,"href":"http:\/\/fcfcomunicaciones.com\/index.php?rest_route=\/wp\/v2\/users\/1"}],"replies":[{"embeddable":true,"href":"http:\/\/fcfcomunicaciones.com\/index.php?rest_route=%2Fwp%2Fv2%2Fcomments&post=2283"}],"version-history":[{"count":8,"href":"http:\/\/fcfcomunicaciones.com\/index.php?rest_route=\/wp\/v2\/pages\/2283\/revisions"}],"predecessor-version":[{"id":2565,"href":"http:\/\/fcfcomunicaciones.com\/index.php?rest_route=\/wp\/v2\/pages\/2283\/revisions\/2565"}],"wp:attachment":[{"href":"http:\/\/fcfcomunicaciones.com\/index.php?rest_route=%2Fwp%2Fv2%2Fmedia&parent=2283"}],"curies":[{"name":"wp","href":"https:\/\/api.w.org\/{rel}","templated":true}]}}