{"id":2115,"date":"2017-02-18T14:29:43","date_gmt":"2017-02-18T19:29:43","guid":{"rendered":"http:\/\/fcfcomunicaciones.com\/?page_id=2115"},"modified":"2020-03-02T09:53:51","modified_gmt":"2020-03-02T14:53:51","slug":"valores-corporativos","status":"publish","type":"page","link":"http:\/\/fcfcomunicaciones.com\/?page_id=2115","title":{"rendered":"VALORES CORPORATIVOS"},"content":{"rendered":"\t\t<div data-elementor-type=\"wp-page\" data-elementor-id=\"2115\" class=\"elementor elementor-2115\">\n\t\t\t\t\t\t<div class=\"elementor-inner\">\n\t\t\t\t<div class=\"elementor-section-wrap\">\n\t\t\t\t\t\t\t\t\t<section class=\"elementor-section elementor-top-section elementor-element elementor-element-a9c3f57 elementor-section-boxed elementor-section-height-default elementor-section-height-default\" data-id=\"a9c3f57\" data-element_type=\"section\">\n\t\t\t\t\t\t<div class=\"elementor-container elementor-column-gap-default\">\n\t\t\t\t\t\t\t<div class=\"elementor-row\">\n\t\t\t\t\t<div class=\"elementor-column elementor-col-33 elementor-top-column elementor-element elementor-element-c65d9d9\" data-id=\"c65d9d9\" data-element_type=\"column\">\n\t\t\t<div class=\"elementor-column-wrap elementor-element-populated\">\n\t\t\t\t\t\t\t<div class=\"elementor-widget-wrap\">\n\t\t\t\t\t\t<div class=\"elementor-element elementor-element-1eb1131 elementor-widget elementor-widget-image\" data-id=\"1eb1131\" data-element_type=\"widget\" data-widget_type=\"image.default\">\n\t\t\t\t<div class=\"elementor-widget-container\">\n\t\t\t\t\t\t\t\t<div class=\"elementor-image\">\n\t\t\t\t\t\t\t\t\t\t\t\t<img decoding=\"async\" width=\"400\" height=\"350\" src=\"http:\/\/fcfcomunicaciones.com\/wp-content\/uploads\/2017\/02\/01.png\" class=\"attachment-large size-large wp-image-2135\" alt=\"\" loading=\"lazy\" srcset=\"http:\/\/fcfcomunicaciones.com\/wp-content\/uploads\/2017\/02\/01.png 400w, http:\/\/fcfcomunicaciones.com\/wp-content\/uploads\/2017\/02\/01-300x263.png 300w\" sizes=\"(max-width: 400px) 100vw, 400px\" \/>\t\t\t\t\t\t\t\t\t\t\t\t\t\t<\/div>\n\t\t\t\t\t\t<\/div>\n\t\t\t\t<\/div>\n\t\t\t\t<div class=\"elementor-element elementor-element-c8a93c2 elementor-widget elementor-widget-heading\" data-id=\"c8a93c2\" data-element_type=\"widget\" data-widget_type=\"heading.default\">\n\t\t\t\t<div class=\"elementor-widget-container\">\n\t\t\t<h2 class=\"elementor-heading-title elementor-size-default\">COMPROMISO: \nNos responsabilizamos de consolidar nuestros proyectos en forma proactiva.<\/h2>\t\t<\/div>\n\t\t\t\t<\/div>\n\t\t\t\t\t\t<\/div>\n\t\t\t\t\t<\/div>\n\t\t<\/div>\n\t\t\t\t<div class=\"elementor-column elementor-col-33 elementor-top-column elementor-element elementor-element-b21a1bb\" data-id=\"b21a1bb\" data-element_type=\"column\">\n\t\t\t<div class=\"elementor-column-wrap elementor-element-populated\">\n\t\t\t\t\t\t\t<div class=\"elementor-widget-wrap\">\n\t\t\t\t\t\t<div class=\"elementor-element elementor-element-3376de7 elementor-widget elementor-widget-image\" data-id=\"3376de7\" data-element_type=\"widget\" data-widget_type=\"image.default\">\n\t\t\t\t<div class=\"elementor-widget-container\">\n\t\t\t\t\t\t\t\t<div class=\"elementor-image\">\n\t\t\t\t\t\t\t\t\t\t\t\t<img decoding=\"async\" width=\"400\" height=\"350\" src=\"http:\/\/fcfcomunicaciones.com\/wp-content\/uploads\/2017\/02\/02-1.png\" class=\"attachment-large size-large wp-image-2159\" alt=\"\" loading=\"lazy\" srcset=\"http:\/\/fcfcomunicaciones.com\/wp-content\/uploads\/2017\/02\/02-1.png 400w, http:\/\/fcfcomunicaciones.com\/wp-content\/uploads\/2017\/02\/02-1-300x263.png 300w\" sizes=\"(max-width: 400px) 100vw, 400px\" \/>\t\t\t\t\t\t\t\t\t\t\t\t\t\t<\/div>\n\t\t\t\t\t\t<\/div>\n\t\t\t\t<\/div>\n\t\t\t\t<div class=\"elementor-element elementor-element-6155685 elementor-widget elementor-widget-heading\" data-id=\"6155685\" data-element_type=\"widget\" data-widget_type=\"heading.default\">\n\t\t\t\t<div class=\"elementor-widget-container\">\n\t\t\t<h2 class=\"elementor-heading-title elementor-size-default\">HONESTIDAD: Demostramos integridad en nuestras actuaciones y servicios.<\/h2>\t\t<\/div>\n\t\t\t\t<\/div>\n\t\t\t\t\t\t<\/div>\n\t\t\t\t\t<\/div>\n\t\t<\/div>\n\t\t\t\t<div class=\"elementor-column elementor-col-33 elementor-top-column elementor-element elementor-element-0bda36f\" data-id=\"0bda36f\" data-element_type=\"column\">\n\t\t\t<div class=\"elementor-column-wrap elementor-element-populated\">\n\t\t\t\t\t\t\t<div class=\"elementor-widget-wrap\">\n\t\t\t\t\t\t<div class=\"elementor-element elementor-element-e00890b elementor-widget elementor-widget-image\" data-id=\"e00890b\" data-element_type=\"widget\" data-widget_type=\"image.default\">\n\t\t\t\t<div class=\"elementor-widget-container\">\n\t\t\t\t\t\t\t\t<div class=\"elementor-image\">\n\t\t\t\t\t\t\t\t\t\t\t\t<img decoding=\"async\" width=\"400\" height=\"350\" src=\"http:\/\/fcfcomunicaciones.com\/wp-content\/uploads\/2017\/02\/03.png\" class=\"attachment-large size-large wp-image-2153\" alt=\"\" loading=\"lazy\" srcset=\"http:\/\/fcfcomunicaciones.com\/wp-content\/uploads\/2017\/02\/03.png 400w, http:\/\/fcfcomunicaciones.com\/wp-content\/uploads\/2017\/02\/03-300x263.png 300w\" sizes=\"(max-width: 400px) 100vw, 400px\" \/>\t\t\t\t\t\t\t\t\t\t\t\t\t\t<\/div>\n\t\t\t\t\t\t<\/div>\n\t\t\t\t<\/div>\n\t\t\t\t<div class=\"elementor-element elementor-element-43a5790 elementor-widget elementor-widget-heading\" data-id=\"43a5790\" data-element_type=\"widget\" data-widget_type=\"heading.default\">\n\t\t\t\t<div class=\"elementor-widget-container\">\n\t\t\t<h2 class=\"elementor-heading-title elementor-size-default\">FLEXIBILIDAD: Nos adaptamos al entorno en continua evoluci\u00f3n.<\/h2>\t\t<\/div>\n\t\t\t\t<\/div>\n\t\t\t\t\t\t<\/div>\n\t\t\t\t\t<\/div>\n\t\t<\/div>\n\t\t\t\t\t\t\t\t<\/div>\n\t\t\t\t\t<\/div>\n\t\t<\/section>\n\t\t\t\t<section class=\"elementor-section elementor-top-section elementor-element elementor-element-c9580b8 elementor-section-boxed elementor-section-height-default elementor-section-height-default\" data-id=\"c9580b8\" data-element_type=\"section\">\n\t\t\t\t\t\t<div class=\"elementor-container elementor-column-gap-default\">\n\t\t\t\t\t\t\t<div class=\"elementor-row\">\n\t\t\t\t\t<div class=\"elementor-column elementor-col-50 elementor-top-column elementor-element elementor-element-c55dccf\" data-id=\"c55dccf\" data-element_type=\"column\">\n\t\t\t<div class=\"elementor-column-wrap elementor-element-populated\">\n\t\t\t\t\t\t\t<div class=\"elementor-widget-wrap\">\n\t\t\t\t\t\t<div class=\"elementor-element elementor-element-e277514 elementor-widget elementor-widget-image\" data-id=\"e277514\" data-element_type=\"widget\" data-widget_type=\"image.default\">\n\t\t\t\t<div class=\"elementor-widget-container\">\n\t\t\t\t\t\t\t\t<div class=\"elementor-image\">\n\t\t\t\t\t\t\t\t\t\t\t\t<img decoding=\"async\" width=\"400\" height=\"350\" src=\"http:\/\/fcfcomunicaciones.com\/wp-content\/uploads\/2017\/02\/04.png\" class=\"attachment-large size-large wp-image-2155\" alt=\"\" loading=\"lazy\" srcset=\"http:\/\/fcfcomunicaciones.com\/wp-content\/uploads\/2017\/02\/04.png 400w, http:\/\/fcfcomunicaciones.com\/wp-content\/uploads\/2017\/02\/04-300x263.png 300w\" sizes=\"(max-width: 400px) 100vw, 400px\" \/>\t\t\t\t\t\t\t\t\t\t\t\t\t\t<\/div>\n\t\t\t\t\t\t<\/div>\n\t\t\t\t<\/div>\n\t\t\t\t<div class=\"elementor-element elementor-element-0b42701 elementor-widget elementor-widget-heading\" data-id=\"0b42701\" data-element_type=\"widget\" data-widget_type=\"heading.default\">\n\t\t\t\t<div class=\"elementor-widget-container\">\n\t\t\t<h2 class=\"elementor-heading-title elementor-size-default\">ORIENTACI\u00d3N: Consolidamos y entendemos las necesidades de nuestros clientes.<\/h2>\t\t<\/div>\n\t\t\t\t<\/div>\n\t\t\t\t\t\t<\/div>\n\t\t\t\t\t<\/div>\n\t\t<\/div>\n\t\t\t\t<div class=\"elementor-column elementor-col-50 elementor-top-column elementor-element elementor-element-83a4e91\" data-id=\"83a4e91\" data-element_type=\"column\">\n\t\t\t<div class=\"elementor-column-wrap elementor-element-populated\">\n\t\t\t\t\t\t\t<div class=\"elementor-widget-wrap\">\n\t\t\t\t\t\t<div class=\"elementor-element elementor-element-3c9e4d5 elementor-widget elementor-widget-image\" data-id=\"3c9e4d5\" data-element_type=\"widget\" data-widget_type=\"image.default\">\n\t\t\t\t<div class=\"elementor-widget-container\">\n\t\t\t\t\t\t\t\t<div class=\"elementor-image\">\n\t\t\t\t\t\t\t\t\t\t\t\t<img decoding=\"async\" width=\"400\" height=\"350\" src=\"http:\/\/fcfcomunicaciones.com\/wp-content\/uploads\/2017\/02\/0056.png\" class=\"attachment-large size-large wp-image-2157\" alt=\"\" loading=\"lazy\" srcset=\"http:\/\/fcfcomunicaciones.com\/wp-content\/uploads\/2017\/02\/0056.png 400w, http:\/\/fcfcomunicaciones.com\/wp-content\/uploads\/2017\/02\/0056-300x263.png 300w\" sizes=\"(max-width: 400px) 100vw, 400px\" \/>\t\t\t\t\t\t\t\t\t\t\t\t\t\t<\/div>\n\t\t\t\t\t\t<\/div>\n\t\t\t\t<\/div>\n\t\t\t\t<div class=\"elementor-element elementor-element-6773b8a elementor-widget elementor-widget-heading\" data-id=\"6773b8a\" data-element_type=\"widget\" data-widget_type=\"heading.default\">\n\t\t\t\t<div class=\"elementor-widget-container\">\n\t\t\t<h2 class=\"elementor-heading-title elementor-size-default\">INNOVACI\u00d3N: Aportamos esp\u00edritu creativo y cr\u00edtico de nuevas ideas para ponerlas en pr\u00e1ctica<\/h2>\t\t<\/div>\n\t\t\t\t<\/div>\n\t\t\t\t\t\t<\/div>\n\t\t\t\t\t<\/div>\n\t\t<\/div>\n\t\t\t\t\t\t\t\t<\/div>\n\t\t\t\t\t<\/div>\n\t\t<\/section>\n\t\t\t\t\t\t\t\t\t<\/div>\n\t\t\t<\/div>\n\t\t\t\t\t<\/div>\n\t\t","protected":false},"excerpt":{"rendered":"<p>COMPROMISO: Nos responsabilizamos de consolidar nuestros proyectos en forma proactiva. HONESTIDAD: Demostramos integridad en nuestras actuaciones y servicios. FLEXIBILIDAD: Nos adaptamos al entorno en continua evoluci\u00f3n. ORIENTACI\u00d3N: Consolidamos y entendemos las necesidades de nuestros clientes. INNOVACI\u00d3N: Aportamos esp\u00edritu creativo y cr\u00edtico de nuevas ideas para ponerlas en pr\u00e1ctica<\/p>\n","protected":false},"author":1,"featured_media":0,"parent":0,"menu_order":0,"comment_status":"closed","ping_status":"closed","template":"","meta":[],"acf":[],"_links":{"self":[{"href":"http:\/\/fcfcomunicaciones.com\/index.php?rest_route=\/wp\/v2\/pages\/2115"}],"collection":[{"href":"http:\/\/fcfcomunicaciones.com\/index.php?rest_route=\/wp\/v2\/pages"}],"about":[{"href":"http:\/\/fcfcomunicaciones.com\/index.php?rest_route=\/wp\/v2\/types\/page"}],"author":[{"embeddable":true,"href":"http:\/\/fcfcomunicaciones.com\/index.php?rest_route=\/wp\/v2\/users\/1"}],"replies":[{"embeddable":true,"href":"http:\/\/fcfcomunicaciones.com\/index.php?rest_route=%2Fwp%2Fv2%2Fcomments&post=2115"}],"version-history":[{"count":24,"href":"http:\/\/fcfcomunicaciones.com\/index.php?rest_route=\/wp\/v2\/pages\/2115\/revisions"}],"predecessor-version":[{"id":2720,"href":"http:\/\/fcfcomunicaciones.com\/index.php?rest_route=\/wp\/v2\/pages\/2115\/revisions\/2720"}],"wp:attachment":[{"href":"http:\/\/fcfcomunicaciones.com\/index.php?rest_route=%2Fwp%2Fv2%2Fmedia&parent=2115"}],"curies":[{"name":"wp","href":"https:\/\/api.w.org\/{rel}","templated":true}]}}