{"id":2106,"date":"2017-02-18T14:22:51","date_gmt":"2017-02-18T19:22:51","guid":{"rendered":"http:\/\/fcfcomunicaciones.com\/?page_id=2106"},"modified":"2020-03-02T08:49:38","modified_gmt":"2020-03-02T13:49:38","slug":"misionyvision","status":"publish","type":"page","link":"http:\/\/fcfcomunicaciones.com\/?page_id=2106","title":{"rendered":"MISI\u00d3N Y VISI\u00d3N"},"content":{"rendered":"\t\t<div data-elementor-type=\"wp-page\" data-elementor-id=\"2106\" class=\"elementor elementor-2106\">\n\t\t\t\t\t\t<div class=\"elementor-inner\">\n\t\t\t\t<div class=\"elementor-section-wrap\">\n\t\t\t\t\t\t\t\t\t<section class=\"elementor-section elementor-top-section elementor-element elementor-element-2cbe9781 elementor-section-boxed elementor-section-height-default elementor-section-height-default\" data-id=\"2cbe9781\" data-element_type=\"section\">\n\t\t\t\t\t\t<div class=\"elementor-container elementor-column-gap-default\">\n\t\t\t\t\t\t\t<div class=\"elementor-row\">\n\t\t\t\t\t<div class=\"elementor-column elementor-col-100 elementor-top-column elementor-element elementor-element-3693fa9a\" data-id=\"3693fa9a\" data-element_type=\"column\">\n\t\t\t<div class=\"elementor-column-wrap elementor-element-populated\">\n\t\t\t\t\t\t\t<div class=\"elementor-widget-wrap\">\n\t\t\t\t\t\t<div class=\"elementor-element elementor-element-0b2548b elementor-widget elementor-widget-heading\" data-id=\"0b2548b\" data-element_type=\"widget\" data-widget_type=\"heading.default\">\n\t\t\t\t<div class=\"elementor-widget-container\">\n\t\t\t<h2 class=\"elementor-heading-title elementor-size-default\">MISI\u00d3N <\/h2>\t\t<\/div>\n\t\t\t\t<\/div>\n\t\t\t\t<div class=\"elementor-element elementor-element-54b0428 elementor-widget elementor-widget-heading\" data-id=\"54b0428\" data-element_type=\"widget\" data-widget_type=\"heading.default\">\n\t\t\t\t<div class=\"elementor-widget-container\">\n\t\t\t<h2 class=\"elementor-heading-title elementor-size-default\">Somos una empresa de servicios en el \u00e1rea de asesor\u00eda y soporte t\u00e9cnico de una manera \u00e1gil y eficaz, maximizando su rentabilidad y minimizando sus costos, contribuyendo al crecimiento de sus beneficios y competitividad de organizaciones que busquen brindar soluciones en telecomunicaciones, mediante un servicio que cumpla con los est\u00e1ndares indicados para convertirnos en m\u00e1s que su aliado su socio.<\/h2>\t\t<\/div>\n\t\t\t\t<\/div>\n\t\t\t\t\t\t<\/div>\n\t\t\t\t\t<\/div>\n\t\t<\/div>\n\t\t\t\t\t\t\t\t<\/div>\n\t\t\t\t\t<\/div>\n\t\t<\/section>\n\t\t\t\t<section class=\"elementor-section elementor-top-section elementor-element elementor-element-d6e7886 elementor-section-boxed elementor-section-height-default elementor-section-height-default\" data-id=\"d6e7886\" data-element_type=\"section\">\n\t\t\t\t\t\t<div class=\"elementor-container elementor-column-gap-default\">\n\t\t\t\t\t\t\t<div class=\"elementor-row\">\n\t\t\t\t\t<div class=\"elementor-column elementor-col-100 elementor-top-column elementor-element elementor-element-152fa20\" data-id=\"152fa20\" data-element_type=\"column\">\n\t\t\t<div class=\"elementor-column-wrap elementor-element-populated\">\n\t\t\t\t\t\t\t<div class=\"elementor-widget-wrap\">\n\t\t\t\t\t\t<div class=\"elementor-element elementor-element-99c7a60 elementor-widget elementor-widget-heading\" data-id=\"99c7a60\" data-element_type=\"widget\" data-widget_type=\"heading.default\">\n\t\t\t\t<div class=\"elementor-widget-container\">\n\t\t\t<h2 class=\"elementor-heading-title elementor-size-default\">VISI\u00d3N<\/h2>\t\t<\/div>\n\t\t\t\t<\/div>\n\t\t\t\t<div class=\"elementor-element elementor-element-03f2a58 elementor-widget elementor-widget-heading\" data-id=\"03f2a58\" data-element_type=\"widget\" data-widget_type=\"heading.default\">\n\t\t\t\t<div class=\"elementor-widget-container\">\n\t\t\t<h2 class=\"elementor-heading-title elementor-size-default\">Seremos para el a\u00f1o 2020 una de las empresas m\u00e1s s\u00f3lidas y reconocidas en el \u00e1rea de telecomunicaciones, gracias al nivel de nuestros servicios, esto con el fin de satisfacer la demanda y las necesidades de los clientes.<\/h2>\t\t<\/div>\n\t\t\t\t<\/div>\n\t\t\t\t\t\t<\/div>\n\t\t\t\t\t<\/div>\n\t\t<\/div>\n\t\t\t\t\t\t\t\t<\/div>\n\t\t\t\t\t<\/div>\n\t\t<\/section>\n\t\t\t\t\t\t\t\t\t<\/div>\n\t\t\t<\/div>\n\t\t\t\t\t<\/div>\n\t\t","protected":false},"excerpt":{"rendered":"<p>MISI\u00d3N Somos una empresa de servicios en el \u00e1rea de asesor\u00eda y soporte t\u00e9cnico de una manera \u00e1gil y eficaz, maximizando su rentabilidad y minimizando sus costos, contribuyendo al crecimiento de sus beneficios y competitividad de organizaciones que busquen brindar soluciones en telecomunicaciones, mediante un servicio que cumpla con los est\u00e1ndares indicados para convertirnos en &#8230;<\/p>\n","protected":false},"author":1,"featured_media":0,"parent":0,"menu_order":0,"comment_status":"closed","ping_status":"closed","template":"","meta":[],"acf":[],"_links":{"self":[{"href":"http:\/\/fcfcomunicaciones.com\/index.php?rest_route=\/wp\/v2\/pages\/2106"}],"collection":[{"href":"http:\/\/fcfcomunicaciones.com\/index.php?rest_route=\/wp\/v2\/pages"}],"about":[{"href":"http:\/\/fcfcomunicaciones.com\/index.php?rest_route=\/wp\/v2\/types\/page"}],"author":[{"embeddable":true,"href":"http:\/\/fcfcomunicaciones.com\/index.php?rest_route=\/wp\/v2\/users\/1"}],"replies":[{"embeddable":true,"href":"http:\/\/fcfcomunicaciones.com\/index.php?rest_route=%2Fwp%2Fv2%2Fcomments&post=2106"}],"version-history":[{"count":21,"href":"http:\/\/fcfcomunicaciones.com\/index.php?rest_route=\/wp\/v2\/pages\/2106\/revisions"}],"predecessor-version":[{"id":2709,"href":"http:\/\/fcfcomunicaciones.com\/index.php?rest_route=\/wp\/v2\/pages\/2106\/revisions\/2709"}],"wp:attachment":[{"href":"http:\/\/fcfcomunicaciones.com\/index.php?rest_route=%2Fwp%2Fv2%2Fmedia&parent=2106"}],"curies":[{"name":"wp","href":"https:\/\/api.w.org\/{rel}","templated":true}]}}